{"id":60,"date":"2022-09-16T15:25:14","date_gmt":"2022-09-16T15:25:14","guid":{"rendered":"https:\/\/carbonaie.ch\/?page_id=60"},"modified":"2023-01-09T14:02:28","modified_gmt":"2023-01-09T14:02:28","slug":"documenti","status":"publish","type":"page","link":"https:\/\/carbonaie.ch\/de\/documenti\/","title":{"rendered":"Dokumente"},"content":{"rendered":"<div data-elementor-type=\"wp-page\" data-elementor-id=\"60\" class=\"elementor elementor-60\">\n\t\t\t\t\t\t<section class=\"elementor-section elementor-top-section elementor-element elementor-element-a1d1c30 elementor-section-boxed elementor-section-height-default elementor-section-height-default\" data-id=\"a1d1c30\" data-element_type=\"section\" data-e-type=\"section\">\n\t\t\t\t\t\t<div class=\"elementor-container elementor-column-gap-default\">\n\t\t\t\t\t<div class=\"elementor-column elementor-col-100 elementor-top-column elementor-element elementor-element-f3cfcc9\" data-id=\"f3cfcc9\" data-element_type=\"column\" data-e-type=\"column\">\n\t\t\t<div class=\"elementor-widget-wrap elementor-element-populated\">\n\t\t\t\t\t\t<div class=\"elementor-element elementor-element-d492230 elementor-widget elementor-widget-text-editor\" data-id=\"d492230\" data-element_type=\"widget\" data-e-type=\"widget\" data-widget_type=\"text-editor.default\">\n\t\t\t\t<div class=\"elementor-widget-container\">\n\t\t\t\t\t\t\t\t\t<h6><b><a href=\"#Approfondimenti\">Einblicke<\/a> &#8211; <a href=\"#Mappe\">Karten<\/a> &#8211; <a href=\"#Lettere\">Absichtserkl\u00e4rungen<\/a> &#8211;\u00a0<\/b><\/h6>\t\t\t\t\t\t\t\t<\/div>\n\t\t\t\t<\/div>\n\t\t\t\t\t<\/div>\n\t\t<\/div>\n\t\t\t\t\t<\/div>\n\t\t<\/section>\n\t\t\t\t<section class=\"elementor-section elementor-top-section elementor-element elementor-element-134eeca elementor-section-boxed elementor-section-height-default elementor-section-height-default\" data-id=\"134eeca\" data-element_type=\"section\" data-e-type=\"section\">\n\t\t\t\t\t\t<div class=\"elementor-container elementor-column-gap-default\">\n\t\t\t\t\t<div class=\"elementor-column elementor-col-100 elementor-top-column elementor-element elementor-element-74ae312\" data-id=\"74ae312\" data-element_type=\"column\" data-e-type=\"column\">\n\t\t\t<div class=\"elementor-widget-wrap elementor-element-populated\">\n\t\t\t\t\t\t<div class=\"elementor-element elementor-element-ce08221 elementor-widget elementor-widget-menu-anchor\" data-id=\"ce08221\" data-element_type=\"widget\" data-e-type=\"widget\" data-widget_type=\"menu-anchor.default\">\n\t\t\t\t<div class=\"elementor-widget-container\">\n\t\t\t\t\t\t\t<div class=\"elementor-menu-anchor\" id=\"Approfondimenti\"><\/div>\n\t\t\t\t\t\t<\/div>\n\t\t\t\t<\/div>\n\t\t\t\t<div class=\"elementor-element elementor-element-397efb9 elementor-widget elementor-widget-heading\" data-id=\"397efb9\" data-element_type=\"widget\" data-e-type=\"widget\" data-widget_type=\"heading.default\">\n\t\t\t\t<div class=\"elementor-widget-container\">\n\t\t\t\t\t<h2 class=\"elementor-heading-title elementor-size-medium\">Einblicke<\/h2>\t\t\t\t<\/div>\n\t\t\t\t<\/div>\n\t\t\t\t<div class=\"elementor-element elementor-element-4da527e elementor-widget elementor-widget-text-editor\" data-id=\"4da527e\" data-element_type=\"widget\" data-e-type=\"widget\" data-widget_type=\"text-editor.default\">\n\t\t\t\t<div class=\"elementor-widget-container\">\n\t\t\t\t\t\t\t\t\t<p>In den folgenden Beitr\u00e4gen werden die wichtigsten Aspekte des Projekts aus wissenschaftlicher, historischer und kultureller Sicht vorgestellt. Die Autoren, grosse Kenner der Region und der Tessiner Geschichte, bieten vielseitige \u00dcberlegungen und Einblicke an.<\/p><ul><li><a href=\"https:\/\/carbonaie.ch\/wp-content\/uploads\/2022\/09\/Documenti-Carbonaie-Patrik-Krebs.pdf\">Patrik Krebs, Geograph<\/a><\/li><li><a href=\"https:\/\/carbonaie.ch\/wp-content\/uploads\/2022\/09\/Documenti-Carbonaie-Mark-Bertogliati.pdf\">Mark Bertogliati, Forstingenieur<\/a><\/li><li><a href=\"https:\/\/carbonaie.ch\/wp-content\/uploads\/2022\/09\/Documenti-Carbonaie-Cristian-Scapozza.pdf\">Cristian Scapozza, Geomorphologe<\/a><\/li><li><a href=\"https:\/\/carbonaie.ch\/wp-content\/uploads\/2022\/09\/Documenti-Carbonaie-Daniele-Barra.pdf\">Daniele Barra, Forstingenieur<\/a><\/li><\/ul>\t\t\t\t\t\t\t\t<\/div>\n\t\t\t\t<\/div>\n\t\t\t\t<div class=\"elementor-element elementor-element-12f2a22 elementor-widget elementor-widget-spacer\" data-id=\"12f2a22\" data-element_type=\"widget\" data-e-type=\"widget\" data-widget_type=\"spacer.default\">\n\t\t\t\t<div class=\"elementor-widget-container\">\n\t\t\t\t\t\t\t<div class=\"elementor-spacer\">\n\t\t\t<div class=\"elementor-spacer-inner\"><\/div>\n\t\t<\/div>\n\t\t\t\t\t\t<\/div>\n\t\t\t\t<\/div>\n\t\t\t\t\t<\/div>\n\t\t<\/div>\n\t\t\t\t\t<\/div>\n\t\t<\/section>\n\t\t\t\t<section class=\"elementor-section elementor-top-section elementor-element elementor-element-acb6501 elementor-section-boxed elementor-section-height-default elementor-section-height-default\" data-id=\"acb6501\" data-element_type=\"section\" data-e-type=\"section\">\n\t\t\t\t\t\t<div class=\"elementor-container elementor-column-gap-default\">\n\t\t\t\t\t<div class=\"elementor-column elementor-col-100 elementor-top-column elementor-element elementor-element-c346629\" data-id=\"c346629\" data-element_type=\"column\" data-e-type=\"column\">\n\t\t\t<div class=\"elementor-widget-wrap elementor-element-populated\">\n\t\t\t\t\t\t<div class=\"elementor-element elementor-element-b6c5224 elementor-widget elementor-widget-menu-anchor\" data-id=\"b6c5224\" data-element_type=\"widget\" data-e-type=\"widget\" data-widget_type=\"menu-anchor.default\">\n\t\t\t\t<div class=\"elementor-widget-container\">\n\t\t\t\t\t\t\t<div class=\"elementor-menu-anchor\" id=\"Mappe\"><\/div>\n\t\t\t\t\t\t<\/div>\n\t\t\t\t<\/div>\n\t\t\t\t<div class=\"elementor-element elementor-element-8e8def8 elementor-widget elementor-widget-heading\" data-id=\"8e8def8\" data-element_type=\"widget\" data-e-type=\"widget\" data-widget_type=\"heading.default\">\n\t\t\t\t<div class=\"elementor-widget-container\">\n\t\t\t\t\t<h2 class=\"elementor-heading-title elementor-size-medium\">Karten<\/h2>\t\t\t\t<\/div>\n\t\t\t\t<\/div>\n\t\t\t\t<div class=\"elementor-element elementor-element-d156d54 elementor-widget elementor-widget-text-editor\" data-id=\"d156d54\" data-element_type=\"widget\" data-e-type=\"widget\" data-widget_type=\"text-editor.default\">\n\t\t\t\t<div class=\"elementor-widget-container\">\n\t\t\t\t\t\t\t\t\t<p>Wege, Holzkohlenmeiler, Kan\u00e4le, Kastanienw\u00e4lder und Sehensw\u00fcrdigkeiten des Projekts auf einem Foto aus dem Jahr 1924 (Foto <a href=\"https:\/\/api3.geo.admin.ch\/luftbilder\/viewer.html?width=7000&amp;height=4641&amp;title=Numero+immagine&amp;bildnummer=00000000386852&amp;datenherr=-&amp;layer=ch.swisstopo.lubis-terrestrische_aufnahmen&amp;lang=it&amp;rotation=0&amp;x=3500.00&amp;y=2320.50&amp;zoom=2\"><em>swisstopo.ch<\/em><\/a>).<\/p>\t\t\t\t\t\t\t\t<\/div>\n\t\t\t\t<\/div>\n\t\t\t\t<div class=\"elementor-element elementor-element-026f839 elementor-widget elementor-widget-image\" data-id=\"026f839\" data-element_type=\"widget\" data-e-type=\"widget\" data-widget_type=\"image.default\">\n\t\t\t\t<div class=\"elementor-widget-container\">\n\t\t\t\t\t\t\t\t\t\t\t\t\t\t\t\t<a href=\"https:\/\/carbonaie.ch\/wp-content\/uploads\/2022\/09\/Documenti-Carbonaie-Map-1924.pdf\">\n\t\t\t\t\t\t\t<img fetchpriority=\"high\" decoding=\"async\" width=\"300\" height=\"252\" src=\"https:\/\/carbonaie.ch\/wp-content\/uploads\/2022\/09\/Home-Carbonaie-1924-300x252.jpg\" class=\"attachment-medium size-medium wp-image-69\" alt=\"\" srcset=\"https:\/\/carbonaie.ch\/wp-content\/uploads\/2022\/09\/Home-Carbonaie-1924-300x252.jpg 300w, https:\/\/carbonaie.ch\/wp-content\/uploads\/2022\/09\/Home-Carbonaie-1924-1024x860.jpg 1024w, https:\/\/carbonaie.ch\/wp-content\/uploads\/2022\/09\/Home-Carbonaie-1924-768x645.jpg 768w, https:\/\/carbonaie.ch\/wp-content\/uploads\/2022\/09\/Home-Carbonaie-1924-1536x1290.jpg 1536w, https:\/\/carbonaie.ch\/wp-content\/uploads\/2022\/09\/Home-Carbonaie-1924-2048x1720.jpg 2048w\" sizes=\"(max-width: 300px) 100vw, 300px\" \/>\t\t\t\t\t\t\t\t<\/a>\n\t\t\t\t\t\t\t\t\t\t\t\t\t\t\t<\/div>\n\t\t\t\t<\/div>\n\t\t\t\t<div class=\"elementor-element elementor-element-265fc1c elementor-widget elementor-widget-spacer\" data-id=\"265fc1c\" data-element_type=\"widget\" data-e-type=\"widget\" data-widget_type=\"spacer.default\">\n\t\t\t\t<div class=\"elementor-widget-container\">\n\t\t\t\t\t\t\t<div class=\"elementor-spacer\">\n\t\t\t<div class=\"elementor-spacer-inner\"><\/div>\n\t\t<\/div>\n\t\t\t\t\t\t<\/div>\n\t\t\t\t<\/div>\n\t\t\t\t<div class=\"elementor-element elementor-element-1db5827 elementor-widget elementor-widget-text-editor\" data-id=\"1db5827\" data-element_type=\"widget\" data-e-type=\"widget\" data-widget_type=\"text-editor.default\">\n\t\t\t\t<div class=\"elementor-widget-container\">\n\t\t\t\t\t\t\t\t\t<p>Der untere Teil des Projekts in San Remigio, auf einem Foto von 1934 (Foto <a href=\"https:\/\/api3.geo.admin.ch\/luftbilder\/viewer.html?width=5954&amp;height=5952&amp;title=ch.swisstopo.lubis-luftbilder-dritte-kantone.ebkey&amp;bildnummer=19340040290061&amp;datenherr=swisstopo&amp;layer=ch.swisstopo.lubis-luftbilder_schwarzweiss&amp;lang=it&amp;rotation=174&amp;x=2977.00&amp;y=2976.00&amp;zoom=2\"><em>swisstopo.ch<\/em><\/a>).<\/p>\t\t\t\t\t\t\t\t<\/div>\n\t\t\t\t<\/div>\n\t\t\t\t<div class=\"elementor-element elementor-element-91a0438 elementor-widget elementor-widget-image\" data-id=\"91a0438\" data-element_type=\"widget\" data-e-type=\"widget\" data-widget_type=\"image.default\">\n\t\t\t\t<div class=\"elementor-widget-container\">\n\t\t\t\t\t\t\t\t\t\t\t\t\t\t\t\t<a href=\"https:\/\/carbonaie.ch\/wp-content\/uploads\/2022\/12\/Documenti-Carbonaie-Map-1934.pdf\">\n\t\t\t\t\t\t\t<img decoding=\"async\" width=\"300\" height=\"212\" src=\"https:\/\/carbonaie.ch\/wp-content\/uploads\/2022\/12\/Documenti-Carbonaie-Map-1934-300x212.jpg\" class=\"attachment-medium size-medium wp-image-645\" alt=\"\" srcset=\"https:\/\/carbonaie.ch\/wp-content\/uploads\/2022\/12\/Documenti-Carbonaie-Map-1934-300x212.jpg 300w, https:\/\/carbonaie.ch\/wp-content\/uploads\/2022\/12\/Documenti-Carbonaie-Map-1934-1024x724.jpg 1024w, https:\/\/carbonaie.ch\/wp-content\/uploads\/2022\/12\/Documenti-Carbonaie-Map-1934-768x543.jpg 768w, https:\/\/carbonaie.ch\/wp-content\/uploads\/2022\/12\/Documenti-Carbonaie-Map-1934-1536x1086.jpg 1536w, https:\/\/carbonaie.ch\/wp-content\/uploads\/2022\/12\/Documenti-Carbonaie-Map-1934-2048x1448.jpg 2048w, https:\/\/carbonaie.ch\/wp-content\/uploads\/2022\/12\/Documenti-Carbonaie-Map-1934-18x12.jpg 18w\" sizes=\"(max-width: 300px) 100vw, 300px\" \/>\t\t\t\t\t\t\t\t<\/a>\n\t\t\t\t\t\t\t\t\t\t\t\t\t\t\t<\/div>\n\t\t\t\t<\/div>\n\t\t\t\t\t<\/div>\n\t\t<\/div>\n\t\t\t\t\t<\/div>\n\t\t<\/section>\n\t\t\t\t<section class=\"elementor-section elementor-top-section elementor-element elementor-element-77ef1b0 elementor-section-boxed elementor-section-height-default elementor-section-height-default\" data-id=\"77ef1b0\" data-element_type=\"section\" data-e-type=\"section\">\n\t\t\t\t\t\t<div class=\"elementor-container elementor-column-gap-default\">\n\t\t\t\t\t<div class=\"elementor-column elementor-col-100 elementor-top-column elementor-element elementor-element-b99681d\" data-id=\"b99681d\" data-element_type=\"column\" data-e-type=\"column\">\n\t\t\t<div class=\"elementor-widget-wrap elementor-element-populated\">\n\t\t\t\t\t\t<div class=\"elementor-element elementor-element-1efbcb6 elementor-widget elementor-widget-menu-anchor\" data-id=\"1efbcb6\" data-element_type=\"widget\" data-e-type=\"widget\" data-widget_type=\"menu-anchor.default\">\n\t\t\t\t<div class=\"elementor-widget-container\">\n\t\t\t\t\t\t\t<div class=\"elementor-menu-anchor\" id=\"Lettere\"><\/div>\n\t\t\t\t\t\t<\/div>\n\t\t\t\t<\/div>\n\t\t\t\t<div class=\"elementor-element elementor-element-bc91dae elementor-widget elementor-widget-heading\" data-id=\"bc91dae\" data-element_type=\"widget\" data-e-type=\"widget\" data-widget_type=\"heading.default\">\n\t\t\t\t<div class=\"elementor-widget-container\">\n\t\t\t\t\t<h2 class=\"elementor-heading-title elementor-size-medium\">Lettere d'intenti<\/h2>\t\t\t\t<\/div>\n\t\t\t\t<\/div>\n\t\t\t\t<div class=\"elementor-element elementor-element-15f94c2 elementor-widget elementor-widget-text-editor\" data-id=\"15f94c2\" data-element_type=\"widget\" data-e-type=\"widget\" data-widget_type=\"text-editor.default\">\n\t\t\t\t<div class=\"elementor-widget-container\">\n\t\t\t\t\t\t\t\t\t<p>Lorem ipsum dolor sit amet, consectetur adipiscing elit. Ut elit tellus, luctus nec ullamcorper mattis, pulvinar dapibus leo.<\/p>\t\t\t\t\t\t\t\t<\/div>\n\t\t\t\t<\/div>\n\t\t\t\t\t<\/div>\n\t\t<\/div>\n\t\t\t\t\t<\/div>\n\t\t<\/section>\n\t\t\t\t<\/div>","protected":false},"excerpt":{"rendered":"<p>Approfondimenti &#8211; Mappe &#8211; Lettere d&#8217;intenti &#8211;\u00a0 Approfondimenti I seguenti contributi presentano i principali aspetti del progetto dal punto di vista scientifico, storico e culturale. Gli autori, grandi conoscitori del territorio e della storia ticinese, propongono riflessioni e approfondimenti a tutto campo. Patrik Krebs, geografo Mark Bertogliati, ingegnere forestale Cristian Scapozza, geomorfologo Daniele Barra, ingegnere [&hellip;]<\/p>\n","protected":false},"author":1,"featured_media":0,"parent":0,"menu_order":0,"comment_status":"closed","ping_status":"closed","template":"elementor_header_footer","meta":{"om_disable_all_campaigns":false,"_monsterinsights_skip_tracking":false,"_monsterinsights_sitenote_active":false,"_monsterinsights_sitenote_note":"","_monsterinsights_sitenote_category":0,"footnotes":""},"class_list":["post-60","page","type-page","status-publish","hentry"],"aioseo_notices":[],"_links":{"self":[{"href":"https:\/\/carbonaie.ch\/de\/wp-json\/wp\/v2\/pages\/60","targetHints":{"allow":["GET"]}}],"collection":[{"href":"https:\/\/carbonaie.ch\/de\/wp-json\/wp\/v2\/pages"}],"about":[{"href":"https:\/\/carbonaie.ch\/de\/wp-json\/wp\/v2\/types\/page"}],"author":[{"embeddable":true,"href":"https:\/\/carbonaie.ch\/de\/wp-json\/wp\/v2\/users\/1"}],"replies":[{"embeddable":true,"href":"https:\/\/carbonaie.ch\/de\/wp-json\/wp\/v2\/comments?post=60"}],"version-history":[{"count":43,"href":"https:\/\/carbonaie.ch\/de\/wp-json\/wp\/v2\/pages\/60\/revisions"}],"predecessor-version":[{"id":780,"href":"https:\/\/carbonaie.ch\/de\/wp-json\/wp\/v2\/pages\/60\/revisions\/780"}],"wp:attachment":[{"href":"https:\/\/carbonaie.ch\/de\/wp-json\/wp\/v2\/media?parent=60"}],"curies":[{"name":"wp","href":"https:\/\/api.w.org\/{rel}","templated":true}]}}